{"id":360,"date":"2021-03-12T16:01:13","date_gmt":"2021-03-12T15:01:13","guid":{"rendered":"http:\/\/idm314.es\/?page_id=360"},"modified":"2022-03-16T23:37:45","modified_gmt":"2022-03-16T22:37:45","slug":"fallo-del-jurado","status":"publish","type":"page","link":"https:\/\/2022.idm314.es\/index.php\/concursos\/fallo-del-jurado\/","title":{"rendered":"Fallo del jurado"},"content":{"rendered":"\n<p><\/p>\n\n\n\n<div class=\"wp-block-cover alignfull has-background-dim\" style=\"background-image:url(http:\/\/idm314.es\/wp-content\/uploads\/2019\/12\/digits-4014181_1280.jpg);min-height:200px\"><div class=\"wp-block-cover__inner-container\">\n<p class=\"has-text-align-left has-large-font-size\"><strong>Fallo del jurado<\/strong><\/p>\n<\/div><\/div>\n\n\n\n<h2>Fallo del jurado<\/h2>\n\n\n\n<p><a href=\"http:\/\/idm314.es\/wp-content\/uploads\/2022\/03\/ACTA-DEL-JURADO-IDM-2022-1.pdf\" target=\"_blank\" rel=\"noreferrer noopener\"><strong>Pulsa aqu\u00ed para descargar el fallo del jurado<\/strong><\/a><\/p>\n\n\n\n<h3 class=\"hide\">V\u00eddeo ganador<\/h3>\n\n\n\n<p><strong>V\u00eddeo ganador: \u201cSucesos hist\u00f3ricos que han conseguido que las matem\u00e1ticas nos unan\u201d presentado por el alumno Daniel Moreno Abad de 1\u00ba de Bachillerato del IES Ojos del Guadiana de Daimiel (Ciudad Real).<\/strong><\/p>\n\n\n\n<figure class=\"wp-block-embed-youtube wp-block-embed is-type-video is-provider-youtube wp-embed-aspect-16-9 wp-has-aspect-ratio\"><div class=\"wp-block-embed__wrapper\">\n<div class=\"nv-iframe-embed\"><iframe title=\"SUCESOS HIST\u00d3RICOS QUE HAN CONSEGUIDO QUE &quot;LAS MATEM\u00c1TICAS NOS UNAN&quot;.\" width=\"1200\" height=\"675\" src=\"https:\/\/www.youtube.com\/embed\/cEvCqzKBfm0?feature=oembed\" frameborder=\"0\" allow=\"accelerometer; autoplay; clipboard-write; encrypted-media; gyroscope; picture-in-picture\" allowfullscreen><\/iframe><\/div>\n<\/div><\/figure>\n\n\n\n<h3 class=\"hide\">Trabajos ganadores<\/h3>\n\n\n\n<p><a rel=\"noreferrer noopener\" href=\"http:\/\/idm314.es\/wp-content\/uploads\/2022\/03\/Premio-relatos-1-2.pdf\" target=\"_blank\"><strong>Relatos 1\u00ba y 2\u00ba ESO. \u201cNumero mundi\u201d presentado por Carlota Mart\u00ednez Rodr\u00edguez, alumna de 2\u00ba de ESO del Colegio Pluriling\u00fce Santa Mar\u00eda del Mar de A Coru\u00f1a.<\/strong><\/a><\/p>\n\n\n\n<p><a rel=\"noreferrer noopener\" href=\"http:\/\/idm314.es\/wp-content\/uploads\/2022\/03\/Premio-relatos-3-4.pdf\" target=\"_blank\"><strong>Relatos 3\u00ba y 4\u00ba ESO. \u201cLas matem\u00e1ticas que une: el latido de mi universo matem\u00e1tico\u201d presentado por Zaira S\u00e1nchez G\u00f3mez, alumna de 3\u00ba de ESO del Colegio Diocesano Internacional Virgen de Gracia de Granada.<\/strong><\/a><\/p>\n\n\n\n<p><a rel=\"noreferrer noopener\" href=\"http:\/\/idm314.es\/wp-content\/uploads\/2022\/03\/Premio-comic.pdf\" data-type=\"URL\" data-id=\"http:\/\/idm314.es\/wp-content\/uploads\/2022\/03\/Premio-comic.pdf\" target=\"_blank\"><strong>Premio C\u00f3mic. Educaci\u00f3n Primaria al trabajo presentado por Ana Maroto Sirvent, de 4\u00ba curso del Colegio Norfolk de Cobe\u00f1a (Madrid).<\/strong><\/a><\/p>\n\n\n\n<p><a href=\"http:\/\/idm314.es\/wp-content\/uploads\/2022\/03\/Premio-profesorado.pdf\" target=\"_blank\" rel=\"noreferrer noopener\"><strong>Materiales y recursos. Andrea de la Fuente Silva, Esther Rasal Soteras y Jos\u00e9 D\u00edaz Isla, profesorado del Colegio Nazaret San Blas de Madrid.<\/strong><\/a><\/p>\n","protected":false},"excerpt":{"rendered":"<p>Fallo del jurado Pulsa aqu\u00ed para descargar el fallo del jurado V\u00eddeo ganador V\u00eddeo ganador: \u201cSucesos hist\u00f3ricos que han conseguido que las matem\u00e1ticas nos unan\u201d presentado por el alumno Daniel Moreno Abad de 1\u00ba de Bachillerato del IES Ojos del Guadiana de Daimiel (Ciudad Real). Trabajos ganadores Relatos 1\u00ba y 2\u00ba ESO. \u201cNumero mundi\u201d presentado&hellip;&nbsp;<a href=\"https:\/\/2022.idm314.es\/index.php\/concursos\/fallo-del-jurado\/\" class=\"\" rel=\"bookmark\">Leer m\u00e1s &raquo;<span class=\"screen-reader-text\">Fallo del jurado<\/span><\/a><\/p>\n","protected":false},"author":2,"featured_media":0,"parent":46,"menu_order":0,"comment_status":"closed","ping_status":"closed","template":"","meta":{"neve_meta_sidebar":"full-width","neve_meta_container":"","neve_meta_enable_content_width":"on","neve_meta_content_width":100,"neve_meta_title_alignment":"","neve_meta_author_avatar":"","neve_post_elements_order":"","neve_meta_disable_header":"","neve_meta_disable_footer":"","neve_meta_disable_title":"on"},"_links":{"self":[{"href":"https:\/\/2022.idm314.es\/index.php\/wp-json\/wp\/v2\/pages\/360"}],"collection":[{"href":"https:\/\/2022.idm314.es\/index.php\/wp-json\/wp\/v2\/pages"}],"about":[{"href":"https:\/\/2022.idm314.es\/index.php\/wp-json\/wp\/v2\/types\/page"}],"author":[{"embeddable":true,"href":"https:\/\/2022.idm314.es\/index.php\/wp-json\/wp\/v2\/users\/2"}],"replies":[{"embeddable":true,"href":"https:\/\/2022.idm314.es\/index.php\/wp-json\/wp\/v2\/comments?post=360"}],"version-history":[{"count":8,"href":"https:\/\/2022.idm314.es\/index.php\/wp-json\/wp\/v2\/pages\/360\/revisions"}],"predecessor-version":[{"id":463,"href":"https:\/\/2022.idm314.es\/index.php\/wp-json\/wp\/v2\/pages\/360\/revisions\/463"}],"up":[{"embeddable":true,"href":"https:\/\/2022.idm314.es\/index.php\/wp-json\/wp\/v2\/pages\/46"}],"wp:attachment":[{"href":"https:\/\/2022.idm314.es\/index.php\/wp-json\/wp\/v2\/media?parent=360"}],"curies":[{"name":"wp","href":"https:\/\/api.w.org\/{rel}","templated":true}]}}