{"id":438,"date":"2022-02-24T20:05:44","date_gmt":"2022-02-24T19:05:44","guid":{"rendered":"http:\/\/idm314.es\/?page_id=438"},"modified":"2022-03-03T20:07:41","modified_gmt":"2022-03-03T19:07:41","slug":"conferencia-profesorado","status":"publish","type":"page","link":"https:\/\/2022.idm314.es\/index.php\/conferencia-profesorado\/","title":{"rendered":"Conferencia profesorado"},"content":{"rendered":"\n<div class=\"wp-block-cover alignfull has-background-dim\" style=\"background-image:url(http:\/\/idm314.es\/wp-content\/uploads\/2021\/11\/college-student-2052868_1280.jpg);min-height:130px\"><div class=\"wp-block-cover__inner-container\">\n<p class=\"has-text-align-left has-large-font-size\"><strong>Conferencias profesorado<\/strong><\/p>\n<\/div><\/div>\n\n\n\n<div style=\"height:30px\" aria-hidden=\"true\" class=\"wp-block-spacer\"><\/div>\n\n\n\n<h3>Martes, 8 de marzo<\/h3>\n\n\n\n<p><strong>18:30 \u201cExperiencias pr\u00e1cticas de ense\u00f1anza-aprendizaje de resoluci\u00f3n de problemas en alumnado con trastorno del espectro autista\u201d<\/strong><br>Irene Polo. Universidad de Cantabria.<\/p>\n\n\n\n<h3>Jueves, 10 de marzo<\/h3>\n\n\n\n<p><strong>18,30 \u201cLlevar la modelizaci\u00f3n al aula es f\u00e1cil, \u00a1si sabes c\u00f3mo hacerlo!\u201d<\/strong><br>Irene Ferrando. Universitat de Val\u00e8ncia<\/p>\n\n\n\n<p>Se podr\u00e1 participar a trav\u00e9s del enlace siguiente:<\/p>\n\n\n\n<p><a href=\"https:\/\/us06web.zoom.us\/j\/82246787884\"><strong>https:\/\/us06web.zoom.us\/j\/82246787884<\/strong><\/a><\/p>\n\n\n<p>[vc_row][vc_column][vc_column_text]<\/p>\n<h2><span style=\"color: #008080;\">Organizadores<\/span><\/h2>\n<p>[\/vc_column_text][\/vc_column][\/vc_row]<\/p>\n\n\n<p>[vc_row][vc_column width=\u00bb1\/4&#8243;][vc_column_text]<a href=\"https:\/\/fespm.es\" target=\"_blank\" rel=\"noopener noreferrer\"><img loading=\"lazy\" class=\"alignnone wp-image-93 size-full\" src=\"http:\/\/idm314.es\/wp-content\/uploads\/2019\/12\/images.png\" alt=\"\" width=\"313\" height=\"161\" srcset=\"https:\/\/2022.idm314.es\/wp-content\/uploads\/2019\/12\/images.png 313w, https:\/\/2022.idm314.es\/wp-content\/uploads\/2019\/12\/images-300x154.png 300w\" sizes=\"(max-width: 313px) 100vw, 313px\" \/><\/a>[\/vc_column_text][\/vc_column][vc_column width=\u00bb1\/4&#8243;][vc_column_text]<a href=\"https:\/\/rsme.es\" target=\"_blank\" rel=\"noopener noreferrer\"><img loading=\"lazy\" class=\"alignnone wp-image-402 size-full\" src=\"http:\/\/idm314.es\/wp-content\/uploads\/2021\/12\/RSME.jpg\" alt=\"\" width=\"140\" height=\"140\"><\/a>[\/vc_column_text][\/vc_column][vc_column width=\u00bb1\/4&#8243;][vc_column_text]<a href=\"https:\/\/www.seiem.es\/\" target=\"_blank\" rel=\"noopener noreferrer\"><img loading=\"lazy\" class=\"alignnone wp-image-401 size-full\" src=\"http:\/\/idm314.es\/wp-content\/uploads\/2021\/12\/Logo-SEIEM.jpg\" alt=\"\" width=\"140\" height=\"140\"><\/a>[\/vc_column_text][\/vc_column][vc_column width=\u00bb1\/4&#8243;][vc_column_text]<a href=\"https:\/\/www.cdmat.es\/\" target=\"_blank\" rel=\"noopener noreferrer\"><img loading=\"lazy\" class=\"alignnone wp-image-403 size-full\" src=\"http:\/\/idm314.es\/wp-content\/uploads\/2021\/12\/logoCDM.jpg\" alt=\"\" width=\"223\" height=\"194\"><\/a>[\/vc_column_text][\/vc_column][\/vc_row]<\/p>\n\n\n<p>[vc_row][vc_column][vc_column_text]<\/span><\/p>\n<h2><span style=\"color: #008080;\">Colaboradores<\/span><\/h2>\n<p>[\/vc_column_text][\/vc_column][\/vc_row]<\/p>\n\n\n<p>[vc_row][vc_column width=\u00bb1\/4&#8243;][vc_column_text]<a href=\"https:\/\/www.donbenito.es\/\" target=\"_blank\" rel=\"noopener noreferrer\"><img loading=\"lazy\" class=\"alignnone wp-image-306 size-medium\" src=\"http:\/\/idm314.fespm.es\/wp-content\/uploads\/2020\/11\/AyuntamientodeDonBenito-300x207.png\" alt=\"\" width=\"300\" height=\"207\" srcset=\"https:\/\/2022.idm314.es\/wp-content\/uploads\/2020\/11\/AyuntamientodeDonBenito-300x207.png 300w, https:\/\/2022.idm314.es\/wp-content\/uploads\/2020\/11\/AyuntamientodeDonBenito.png 512w\" sizes=\"(max-width: 300px) 100vw, 300px\" \/><\/a>[\/vc_column_text][\/vc_column][vc_column width=\u00bb1\/4&#8243;][vc_column_text]<a href=\"https:\/\/www.divisioneducativa.es\/\" target=\"_blank\" rel=\"noopener noreferrer\"><img loading=\"lazy\" class=\"alignnone wp-image-347\" src=\"http:\/\/idm314.es\/wp-content\/uploads\/2021\/01\/logo-casio-division-educativa-ogp.png\" alt=\"\" width=\"321\" height=\"321\" srcset=\"https:\/\/2022.idm314.es\/wp-content\/uploads\/2021\/01\/logo-casio-division-educativa-ogp.png 450w, https:\/\/2022.idm314.es\/wp-content\/uploads\/2021\/01\/logo-casio-division-educativa-ogp-300x300.png 300w, https:\/\/2022.idm314.es\/wp-content\/uploads\/2021\/01\/logo-casio-division-educativa-ogp-150x150.png 150w\" sizes=\"(max-width: 321px) 100vw, 321px\" \/><\/a>[\/vc_column_text][\/vc_column][vc_column width=\u00bb1\/4&#8243;][vc_column_text]<a href=\"http:\/\/venturareyesprosper.educarex.es\/\" target=\"_blank\" rel=\"noopener noreferrer\"><img loading=\"lazy\" class=\"alignnone wp-image-301 size-full\" src=\"http:\/\/idm314.fespm.es\/wp-content\/uploads\/2020\/11\/LogoSEEM.png\" alt=\"\" width=\"300\" height=\"126\"><\/a>[\/vc_column_text][\/vc_column][vc_column width=\u00bb1\/4&#8243;][vc_column_text]<img loading=\"lazy\" class=\"alignnone wp-image-426 size-full\" src=\"http:\/\/idm314.es\/wp-content\/uploads\/2022\/02\/sociedad_catalana_matematicas.png\" alt=\"\" width=\"119\" height=\"120\">[\/vc_column_text][\/vc_column][\/vc_row]<\/p>\n","protected":false},"excerpt":{"rendered":"<p>Martes, 8 de marzo 18:30 \u201cExperiencias pr\u00e1cticas de ense\u00f1anza-aprendizaje de resoluci\u00f3n de problemas en alumnado con trastorno del espectro autista\u201dIrene Polo. Universidad de Cantabria. Jueves, 10 de marzo 18,30 \u201cLlevar la modelizaci\u00f3n al aula es f\u00e1cil, \u00a1si sabes c\u00f3mo hacerlo!\u201dIrene Ferrando. Universitat de Val\u00e8ncia Se podr\u00e1 participar a trav\u00e9s del enlace siguiente: https:\/\/us06web.zoom.us\/j\/82246787884<\/p>\n","protected":false},"author":2,"featured_media":0,"parent":0,"menu_order":0,"comment_status":"closed","ping_status":"closed","template":"","meta":{"neve_meta_sidebar":"full-width","neve_meta_container":"","neve_meta_enable_content_width":"on","neve_meta_content_width":100,"neve_meta_title_alignment":"","neve_meta_author_avatar":"","neve_post_elements_order":"","neve_meta_disable_header":"","neve_meta_disable_footer":"","neve_meta_disable_title":"on"},"_links":{"self":[{"href":"https:\/\/2022.idm314.es\/index.php\/wp-json\/wp\/v2\/pages\/438"}],"collection":[{"href":"https:\/\/2022.idm314.es\/index.php\/wp-json\/wp\/v2\/pages"}],"about":[{"href":"https:\/\/2022.idm314.es\/index.php\/wp-json\/wp\/v2\/types\/page"}],"author":[{"embeddable":true,"href":"https:\/\/2022.idm314.es\/index.php\/wp-json\/wp\/v2\/users\/2"}],"replies":[{"embeddable":true,"href":"https:\/\/2022.idm314.es\/index.php\/wp-json\/wp\/v2\/comments?post=438"}],"version-history":[{"count":2,"href":"https:\/\/2022.idm314.es\/index.php\/wp-json\/wp\/v2\/pages\/438\/revisions"}],"predecessor-version":[{"id":442,"href":"https:\/\/2022.idm314.es\/index.php\/wp-json\/wp\/v2\/pages\/438\/revisions\/442"}],"wp:attachment":[{"href":"https:\/\/2022.idm314.es\/index.php\/wp-json\/wp\/v2\/media?parent=438"}],"curies":[{"name":"wp","href":"https:\/\/api.w.org\/{rel}","templated":true}]}}